{"id":42,"date":"2023-05-26T11:16:02","date_gmt":"2023-05-26T09:16:02","guid":{"rendered":"https:\/\/euskalcubing.org\/?page_id=42"},"modified":"2026-03-14T17:47:38","modified_gmt":"2026-03-14T16:47:38","slug":"documentos","status":"publish","type":"page","link":"https:\/\/euskalcubing.org\/eu\/documentos\/","title":{"rendered":"Dokumentuak"},"content":{"rendered":"<div data-elementor-type=\"wp-page\" data-elementor-id=\"42\" class=\"elementor elementor-42\">\n\t\t\t\t<div class=\"elementor-element elementor-element-a58b9fe e-flex e-con-boxed e-con e-parent\" data-id=\"a58b9fe\" data-element_type=\"container\" data-e-type=\"container\" data-settings=\"{&quot;background_background&quot;:&quot;classic&quot;}\">\n\t\t\t\t\t<div class=\"e-con-inner\">\n\t\t\t\t<div class=\"elementor-element elementor-element-5c5a4a5a elementor-widget elementor-widget-text-editor\" data-id=\"5c5a4a5a\" data-element_type=\"widget\" data-e-type=\"widget\" data-widget_type=\"text-editor.default\">\n\t\t\t\t<div class=\"elementor-widget-container\">\n\t\t\t\t\t\t\t\t\t<p><style><span data-mce-type=\"bookmark\" style=\"display: inline-block; width: 0px; overflow: hidden; line-height: 0;\" class=\"mce_SELRES_start\">\ufeff<\/span><br \/>\/* Estilos para la secci\u00f3n de documentaci\u00f3n *\/<\/p>\n<p>#initial-content {<br \/>  background-color: #f9f9f9;<br \/>  padding: 2rem;<br \/>  border-radius: 12px;<br \/>  box-shadow: 0 4px 10px rgba(0, 0, 0, 0.05);<br \/>  font-family: 'Segoe UI', sans-serif;<br \/>  color: #333;<br \/>}<\/p>\n<p>\/* T\u00edtulos de categor\u00eda *\/<br \/>.doc-section-title {<br \/>  font-weight: 600;<br \/>  font-size: 1.2rem;<br \/>  margin-top: 2rem;<br \/>  margin-bottom: 0.5rem;<br \/>  color: #111;<br \/>}<\/p>\n<p>\/* Listas limpias *\/<br \/>.doc-list {<br \/>  list-style: none;<br \/>  padding-left: 0;<br \/>  margin-bottom: 1.5rem;<br \/>}<\/p>\n<p>.doc-list li {<br \/>  margin-bottom: 0.5rem;<br \/>  position: relative;<br \/>  padding-left: 1.5rem;<br \/>}<\/p>\n<p>.doc-list li::before {<br \/>  content: \"\ud83d\udcc4\";<br \/>  position: absolute;<br \/>  left: 0;<br \/>  top: 0;<br \/>}<\/p>\n<p>\/* Enlaces *\/<br \/>.doc-list a {<br \/>  color: #007BFF;<br \/>  text-decoration: none;<br \/>  transition: all 0.3s ease;<br \/>}<\/p>\n<p>.doc-list a:hover {<br \/>  color: #0056b3;<br \/>  text-decoration: underline;<br \/>}<br \/><\/style><\/p><div id=\"initial-content\"><p>Atal honetan, EuskalCubingen dokumentu desberdinak aurki ditzakezu (gaztelaniaz bakarrik):<\/p><div class=\"doc-section\"><div class=\"doc-section-title\">\ud83d\udcd8 Documentos fundacionales<\/div><ul class=\"doc-list\"><li><a href=\"https:\/\/euskalcubing.org\/wp-content\/uploads\/2023\/05\/ESTATUTOS_EUSKAL-_Publico.pdf\" target=\"_blank\" rel=\"noopener\">Estatutos EuskalCubing<\/a><\/li><li><a href=\"https:\/\/euskalcubing.org\/wp-content\/uploads\/2023\/06\/Regimen-interno-de-EuskalCubing.pdf\" target=\"_blank\" rel=\"noopener\">R\u00e9gimen Interno<\/a><\/li><li><a href=\"https:\/\/euskalcubing.org\/wp-content\/uploads\/2023\/06\/Politica-de-Competiciones-y-Material.pdf\" target=\"_blank\" rel=\"noopener\">Pol\u00edtica de Colaboraci\u00f3n y Material<\/a><\/li><\/ul><\/div><div class=\"doc-section\"><div class=\"doc-section-title\">\ud83d\udcdd Libro de Actas<\/div><ul class=\"doc-list\"><li><a href=\"https:\/\/euskalcubing.org\/wp-content\/uploads\/2023\/05\/ACTA_FUNDACIONAL_EUSKAL_Publico.pdf\" target=\"_blank\" rel=\"noopener\">Acta Fundacional EuskalCubing<\/a><\/li><li><a href=\"https:\/\/drive.google.com\/drive\/folders\/1iFV02JXu52vnmzKiL_Y7BwiDs03k-fnO\" target=\"_blank\" rel=\"noopener\">Actas Reuni\u00f3n de la Junta<\/a><\/li><\/ul><\/div><div class=\"doc-section\"><div class=\"doc-section-title\">\ud83d\udcb0 Libro de Cuentas<\/div><ul class=\"doc-list\"><li><a href=\"https:\/\/drive.google.com\/file\/d\/1KJIqNEJRfp4ugETWLOeMzNmzZVpCx4ae\/view?usp=sharing\" target=\"_blank\" rel=\"noopener\">Cuentas actualizadas a d\u00eda 10\/03\/2026<\/a><\/li><li><a href=\"https:\/\/drive.google.com\/file\/d\/1Jo0JepJQ7zfOsOg6d_G7zEy6xNe3Zy5q\/view?usp=drive_link\">Cuentas de 2025<\/a><\/li><li><a href=\"https:\/\/drive.google.com\/file\/d\/1e4Y8zGpxJr-wEL8OhO7pDnogL3GDq3g1\/view?usp=drive_link\">Cuentas de 2024<\/a><\/li><li><a href=\"https:\/\/drive.google.com\/file\/d\/1vRKV9IN6GnM1RoptJCKw3kUEe-PcLX7V\/view?usp=sharing\">Cuentas de 2023<\/a><\/li><\/ul><\/div><div class=\"doc-section\">\u00a0<\/div><\/div>\t\t\t\t\t\t\t\t<\/div>\n\t\t\t\t<\/div>\n\t\t\t\t\t<\/div>\n\t\t\t\t<\/div>\n\t\t\t\t<\/div>","protected":false},"excerpt":{"rendered":"<p>En esta secci\u00f3n podr\u00e1s encontrar los diferentes documentos de EuskalCubing: \ud83d\udcd8 Documentos fundacionales Estatutos EuskalCubing R\u00e9gimen Interno Pol\u00edtica de Colaboraci\u00f3n [&hellip;]<\/p>\n","protected":false},"author":1,"featured_media":0,"parent":0,"menu_order":0,"comment_status":"closed","ping_status":"closed","template":"","meta":{"site-sidebar-layout":"default","site-content-layout":"","ast-site-content-layout":"default","site-content-style":"default","site-sidebar-style":"default","ast-global-header-display":"","ast-banner-title-visibility":"","ast-main-header-display":"","ast-hfb-above-header-display":"","ast-hfb-below-header-display":"","ast-hfb-mobile-header-display":"","site-post-title":"disabled","ast-breadcrumbs-content":"","ast-featured-img":"","footer-sml-layout":"","ast-disable-related-posts":"","theme-transparent-header-meta":"default","adv-header-id-meta":"","stick-header-meta":"","header-above-stick-meta":"","header-main-stick-meta":"","header-below-stick-meta":"","astra-migrate-meta-layouts":"set","ast-page-background-enabled":"default","ast-page-background-meta":{"desktop":{"background-color":"var(--ast-global-color-5)","background-image":"","background-repeat":"repeat","background-position":"center center","background-size":"auto","background-attachment":"scroll","background-type":"","background-media":"","overlay-type":"","overlay-color":"","overlay-opacity":"","overlay-gradient":""},"tablet":{"background-color":"","background-image":"","background-repeat":"repeat","background-position":"center center","background-size":"auto","background-attachment":"scroll","background-type":"","background-media":"","overlay-type":"","overlay-color":"","overlay-opacity":"","overlay-gradient":""},"mobile":{"background-color":"","background-image":"","background-repeat":"repeat","background-position":"center center","background-size":"auto","background-attachment":"scroll","background-type":"","background-media":"","overlay-type":"","overlay-color":"","overlay-opacity":"","overlay-gradient":""}},"ast-content-background-meta":{"desktop":{"background-color":"var(--ast-global-color-4)","background-image":"","background-repeat":"repeat","background-position":"center center","background-size":"auto","background-attachment":"scroll","background-type":"","background-media":"","overlay-type":"","overlay-color":"","overlay-opacity":"","overlay-gradient":""},"tablet":{"background-color":"var(--ast-global-color-4)","background-image":"","background-repeat":"repeat","background-position":"center center","background-size":"auto","background-attachment":"scroll","background-type":"","background-media":"","overlay-type":"","overlay-color":"","overlay-opacity":"","overlay-gradient":""},"mobile":{"background-color":"var(--ast-global-color-4)","background-image":"","background-repeat":"repeat","background-position":"center center","background-size":"auto","background-attachment":"scroll","background-type":"","background-media":"","overlay-type":"","overlay-color":"","overlay-opacity":"","overlay-gradient":""}},"footnotes":""},"class_list":["post-42","page","type-page","status-publish","hentry"],"_links":{"self":[{"href":"https:\/\/euskalcubing.org\/eu\/wp-json\/wp\/v2\/pages\/42","targetHints":{"allow":["GET"]}}],"collection":[{"href":"https:\/\/euskalcubing.org\/eu\/wp-json\/wp\/v2\/pages"}],"about":[{"href":"https:\/\/euskalcubing.org\/eu\/wp-json\/wp\/v2\/types\/page"}],"author":[{"embeddable":true,"href":"https:\/\/euskalcubing.org\/eu\/wp-json\/wp\/v2\/users\/1"}],"replies":[{"embeddable":true,"href":"https:\/\/euskalcubing.org\/eu\/wp-json\/wp\/v2\/comments?post=42"}],"version-history":[{"count":62,"href":"https:\/\/euskalcubing.org\/eu\/wp-json\/wp\/v2\/pages\/42\/revisions"}],"predecessor-version":[{"id":3471,"href":"https:\/\/euskalcubing.org\/eu\/wp-json\/wp\/v2\/pages\/42\/revisions\/3471"}],"wp:attachment":[{"href":"https:\/\/euskalcubing.org\/eu\/wp-json\/wp\/v2\/media?parent=42"}],"curies":[{"name":"wp","href":"https:\/\/api.w.org\/{rel}","templated":true}]}}