{"id":3048,"date":"2025-06-07T22:12:31","date_gmt":"2025-06-07T21:12:31","guid":{"rendered":"https:\/\/euskalcubing.org\/?page_id=3048"},"modified":"2026-02-20T14:41:02","modified_gmt":"2026-02-20T13:41:02","slug":"formulario-de-material","status":"publish","type":"page","link":"https:\/\/euskalcubing.org\/eu\/formulario-de-material\/","title":{"rendered":"Formulario de Material"},"content":{"rendered":"<div data-elementor-type=\"wp-page\" data-elementor-id=\"3048\" class=\"elementor elementor-3048\">\n\t\t\t\t<div class=\"elementor-element elementor-element-0d75df5 e-flex e-con-boxed e-con e-parent\" data-id=\"0d75df5\" data-element_type=\"container\" data-e-type=\"container\" data-settings=\"{&quot;background_background&quot;:&quot;classic&quot;}\">\n\t\t\t\t\t<div class=\"e-con-inner\">\n\t\t\t\t<div class=\"elementor-element elementor-element-2610ad9 eael-contact-form-7-button-full-width animated-slow elementor-widget-mobile__width-inherit elementor-invisible elementor-widget elementor-widget-eael-contact-form-7\" data-id=\"2610ad9\" data-element_type=\"widget\" data-e-type=\"widget\" data-settings=\"{&quot;_animation&quot;:&quot;bounceInUp&quot;}\" data-widget_type=\"eael-contact-form-7.default\">\n\t\t\t\t<div class=\"elementor-widget-container\">\n\t\t\t\t\t<div class=\"eael-contact-form-7-wrapper\">\n                <div class=\"eael-contact-form eael-contact-form-7 eael-contact-form-2610ad9 eael-contact-form-align-center\"><div class=\"eael-contact-form-7-heading\"><h3 class=\"eael-contact-form-title eael-contact-form-7-title\">\n                                    FORMULARIO DE MATERIAL\n                                <\/h3><\/div>\n<div class=\"wpcf7 no-js\" id=\"wpcf7-f3047-o1\" lang=\"es-ES\" dir=\"ltr\" data-wpcf7-id=\"3047\">\n<div class=\"screen-reader-response\"><p role=\"status\" aria-live=\"polite\" aria-atomic=\"true\"><\/p> <ul><\/ul><\/div>\n<form action=\"\/eu\/wp-json\/wp\/v2\/pages\/3048#wpcf7-f3047-o1\" method=\"post\" class=\"wpcf7-form init\" aria-label=\"Formulario de contacto\" novalidate=\"novalidate\" data-status=\"init\" data-trp-original-action=\"\/eu\/wp-json\/wp\/v2\/pages\/3048#wpcf7-f3047-o1\">\n<fieldset class=\"hidden-fields-container\"><input type=\"hidden\" name=\"_wpcf7\" value=\"3047\" \/><input type=\"hidden\" name=\"_wpcf7_version\" value=\"6.1.5\" \/><input type=\"hidden\" name=\"_wpcf7_locale\" value=\"es_ES\" \/><input type=\"hidden\" name=\"_wpcf7_unit_tag\" value=\"wpcf7-f3047-o1\" \/><input type=\"hidden\" name=\"_wpcf7_container_post\" value=\"0\" \/><input type=\"hidden\" name=\"_wpcf7_posted_data_hash\" value=\"\" \/><input type=\"hidden\" name=\"_wpcf7_recaptcha_response\" value=\"\" \/>\n<\/fieldset>\n<p><label>Izen-abizenak<\/label><br \/>\n<span class=\"wpcf7-form-control-wrap\" data-name=\"your-name\"><input size=\"40\" maxlength=\"400\" class=\"wpcf7-form-control wpcf7-text wpcf7-validates-as-required\" autocomplete=\"name\" aria-required=\"true\" aria-invalid=\"false\" value=\"\" type=\"text\" name=\"your-name\" \/><\/span>\n<\/p>\n<p><label>Posta-elektronikoa<\/label><br \/>\n<span class=\"wpcf7-form-control-wrap\" data-name=\"your-email\"><input size=\"40\" maxlength=\"400\" class=\"wpcf7-form-control wpcf7-email wpcf7-validates-as-required wpcf7-text wpcf7-validates-as-email\" autocomplete=\"email\" aria-required=\"true\" aria-invalid=\"false\" value=\"\" type=\"email\" name=\"your-email\" \/><\/span>\n<\/p>\n<p><label>Nombre de la competici\u00f3n<\/label><br \/>\n<span class=\"wpcf7-form-control-wrap\" data-name=\"competition-name\"><input size=\"40\" maxlength=\"400\" class=\"wpcf7-form-control wpcf7-text wpcf7-validates-as-required\" aria-required=\"true\" aria-invalid=\"false\" value=\"\" type=\"text\" name=\"competition-name\" \/><\/span>\n<\/p>\n<p><label>Fecha de inicio de la competici\u00f3n<\/label><br \/>\n<span class=\"wpcf7-form-control-wrap\" data-name=\"competition-start\"><input class=\"wpcf7-form-control wpcf7-date wpcf7-validates-as-required wpcf7-validates-as-date\" aria-required=\"true\" aria-invalid=\"false\" value=\"\" type=\"date\" name=\"competition-start\" \/><\/span>\n<\/p>\n<p><label>Fecha de fin de la competici\u00f3n<\/label><br \/>\n<span class=\"wpcf7-form-control-wrap\" data-name=\"competition-end\"><input class=\"wpcf7-form-control wpcf7-date wpcf7-validates-as-required wpcf7-validates-as-date\" aria-required=\"true\" aria-invalid=\"false\" value=\"\" type=\"date\" name=\"competition-end\" \/><\/span>\n<\/p>\n<p><label>Lugar o ciudad<\/label><br \/>\n<span class=\"wpcf7-form-control-wrap\" data-name=\"competition-place\"><input size=\"40\" maxlength=\"400\" class=\"wpcf7-form-control wpcf7-text wpcf7-validates-as-required\" aria-required=\"true\" aria-invalid=\"false\" value=\"\" type=\"text\" name=\"competition-place\" \/><\/span>\n<\/p>\n<p><label>Servicios que necesitas<\/label><br \/>\n<span class=\"wpcf7-form-control-wrap\" data-name=\"services-needed\"><span class=\"wpcf7-form-control wpcf7-checkbox wpcf7-validates-as-required\"><span class=\"wpcf7-list-item first\"><label><input type=\"checkbox\" name=\"services-needed[]\" value=\"Set de material\" \/><span class=\"wpcf7-list-item-label\">Set de material<\/span><\/label><\/span><span class=\"wpcf7-list-item\"><label><input type=\"checkbox\" name=\"services-needed[]\" value=\"Guillotina\" \/><span class=\"wpcf7-list-item-label\">Guillotina<\/span><\/label><\/span><span class=\"wpcf7-list-item\"><label><input type=\"checkbox\" name=\"services-needed[]\" value=\"Ordenadores\" \/><span class=\"wpcf7-list-item-label\">Ordenadores<\/span><\/label><\/span><span class=\"wpcf7-list-item\"><label><input type=\"checkbox\" name=\"services-needed[]\" value=\"Impresora\" \/><span class=\"wpcf7-list-item-label\">Impresora<\/span><\/label><\/span><span class=\"wpcf7-list-item\"><label><input type=\"checkbox\" name=\"services-needed[]\" value=\"Difusi\u00f3n del evento\" \/><span class=\"wpcf7-list-item-label\">Difusi\u00f3n del evento<\/span><\/label><\/span><span class=\"wpcf7-list-item\"><label><input type=\"checkbox\" name=\"services-needed[]\" value=\"Tramitaci\u00f3n de cuotas WCA\" \/><span class=\"wpcf7-list-item-label\">Tramitaci\u00f3n de cuotas WCA<\/span><\/label><\/span><span class=\"wpcf7-list-item last\"><label><input type=\"checkbox\" name=\"services-needed[]\" value=\"Gesti\u00f3n de inscripciones\" \/><span class=\"wpcf7-list-item-label\">Gesti\u00f3n de inscripciones<\/span><\/label><\/span><\/span><\/span>\n<\/p>\n<div class=\"service-info set-material-info\">\n\t<p>El set de material de EuskalCubing consta de:\n\t<\/p>\n\t<ul>\n\t\t<li>\n\t\t\t<p>16 timers G5 de Speedstacks\n\t\t\t<\/p>\n\t\t<\/li>\n\t\t<li>\n\t\t\t<p>16 displays de QiYi\n\t\t\t<\/p>\n\t\t<\/li>\n\t\t<li>\n\t\t\t<p>9 bater\u00edas externas\n\t\t\t<\/p>\n\t\t<\/li>\n\t\t<li>\n\t\t\t<p>9 manteles de varios colores\n\t\t\t<\/p>\n\t\t<\/li>\n\t\t<li>\n\t\t\t<p>30 tapacubos\n\t\t\t<\/p>\n\t\t<\/li>\n\t\t<li>\n\t\t\t<p>20 tapacubos 3D para Square-1 y Clock\n\t\t\t<\/p>\n\t\t<\/li>\n\t\t<li>\n\t\t\t<p>Cronometros de mano\n\t\t\t<\/p>\n\t\t<\/li>\n\t\t<li>\n\t\t\t<p>Cartulinas de blind\n\t\t\t<\/p>\n\t\t<\/li>\n\t\t<li>\n\t\t\t<p>Material extra:\n\t\t\t<\/p>\n\t\t\t<ul>\n\t\t\t\t<li>\n\t\t\t\t\t<p>Cableado\n\t\t\t\t\t<\/p>\n\t\t\t\t<\/li>\n\t\t\t\t<li>\n\t\t\t\t\t<p>Boligrafos\n\t\t\t\t\t<\/p>\n\t\t\t\t<\/li>\n\t\t\t\t<li>\n\t\t\t\t\t<p>Numeros de estaci\u00f3n\n\t\t\t\t\t<\/p>\n\t\t\t\t<\/li>\n\t\t\t\t<li>\n\t\t\t\t\t<p>Material de oficina variado\n\t\t\t\t\t<\/p>\n\t\t\t\t<\/li>\n\t\t\t<\/ul>\n\t\t<\/li>\n\t<\/ul>\n<\/div>\n<p><label>N\u00famero aproximado de participantes<\/label><br \/>\n<span class=\"wpcf7-form-control-wrap\" data-name=\"participants\"><input class=\"wpcf7-form-control wpcf7-number wpcf7-validates-as-required wpcf7-validates-as-number\" min=\"1\" max=\"5000\" aria-required=\"true\" aria-invalid=\"false\" value=\"\" type=\"number\" name=\"participants\" \/><\/span>\n<\/p>\n<p><label>\u00bfEs una competici\u00f3n oficial de la WCA?<\/label><br \/>\n<span class=\"wpcf7-form-control-wrap\" data-name=\"wca-official\"><span class=\"wpcf7-form-control wpcf7-radio\"><span class=\"wpcf7-list-item first\"><label><input type=\"radio\" name=\"wca-official\" value=\"S\u00ed\" \/><span class=\"wpcf7-list-item-label\">S\u00ed<\/span><\/label><\/span><span class=\"wpcf7-list-item last\"><label><input type=\"radio\" name=\"wca-official\" value=\"No\" \/><span class=\"wpcf7-list-item-label\">No<\/span><\/label><\/span><\/span><\/span>\n<\/p>\n<p><label>Comentarios adicionales<\/label><br \/>\n<span class=\"wpcf7-form-control-wrap\" data-name=\"additional-comments\"><textarea cols=\"40\" rows=\"10\" maxlength=\"2000\" class=\"wpcf7-form-control wpcf7-textarea\" aria-invalid=\"false\" name=\"additional-comments\"><\/textarea><\/span>\n<\/p>\n<p><span class=\"wpcf7-form-control-wrap\" data-name=\"Privacidad\"><span class=\"wpcf7-form-control wpcf7-checkbox wpcf7-validates-as-required\"><span class=\"wpcf7-list-item first last\"><label><input type=\"checkbox\" name=\"Privacidad[]\" value=\"Acepto la Pol\u00edtica de Protecci\u00f3n de Datos\" \/><span class=\"wpcf7-list-item-label\">Acepto la Pol\u00edtica de Protecci\u00f3n de Datos<\/span><\/label><\/span><\/span><\/span>\n<\/p>\n<p><a id=\"enlace1\" href=\"https:\/\/euskalcubing.org\/eu\/politica-de-proteccion-de-datos\/\" target=\"_blank\">Datu-Babespen Politika<\/a>\n<\/p>\n<span class=\"wpcf7-form-control-wrap recaptcha\" data-name=\"recaptcha\"><span data-sitekey=\"6LcxgFomAAAAACf-8c5akA5GaEFQ6fmieYyYC0Bh\" class=\"wpcf7-form-control wpcf7-recaptcha g-recaptcha\"><\/span>\r\n<noscript>\r\n\t<div class=\"grecaptcha-noscript\">\r\n\t\t<iframe src=\"https:\/\/www.google.com\/recaptcha\/api\/fallback?k=6LcxgFomAAAAACf-8c5akA5GaEFQ6fmieYyYC0Bh\" frameborder=\"0\" scrolling=\"no\" width=\"310\" height=\"430\">\r\n\t\t<\/iframe>\r\n\t\t<textarea name=\"g-recaptcha-response\" rows=\"3\" cols=\"40\" placeholder=\"Aqu\u00ed la respuesta de reCAPTCHA\">\r\n\t\t<\/textarea>\r\n\t<\/div>\r\n<\/noscript>\r\n<\/span>\n<p><input class=\"wpcf7-form-control wpcf7-submit has-spinner\" type=\"submit\" value=\"Solicitar apoyo\" \/>\n<\/p><div class=\"wpcf7-response-output\" aria-hidden=\"true\"><\/div>\n<input type=\"hidden\" name=\"trp-form-language\" value=\"eu\"\/><\/form>\n<\/div>\n<\/div>\n            <\/div>\t\t\t\t<\/div>\n\t\t\t\t<\/div>\n\t\t\t\t\t<\/div>\n\t\t\t\t<\/div>\n\t\t\t\t<\/div>","protected":false},"excerpt":{"rendered":"<p>FORMULARIO DE MATERIAL Nombre y Apellidos Correo electr\u00f3nico Nombre de la competici\u00f3n Fecha de inicio de la competici\u00f3n Fecha de [&hellip;]<\/p>\n","protected":false},"author":1,"featured_media":0,"parent":0,"menu_order":0,"comment_status":"closed","ping_status":"closed","template":"","meta":{"site-sidebar-layout":"default","site-content-layout":"","ast-site-content-layout":"default","site-content-style":"default","site-sidebar-style":"default","ast-global-header-display":"","ast-banner-title-visibility":"","ast-main-header-display":"","ast-hfb-above-header-display":"","ast-hfb-below-header-display":"","ast-hfb-mobile-header-display":"","site-post-title":"disabled","ast-breadcrumbs-content":"","ast-featured-img":"","footer-sml-layout":"","ast-disable-related-posts":"","theme-transparent-header-meta":"default","adv-header-id-meta":"","stick-header-meta":"","header-above-stick-meta":"","header-main-stick-meta":"","header-below-stick-meta":"","astra-migrate-meta-layouts":"set","ast-page-background-enabled":"default","ast-page-background-meta":{"desktop":{"background-color":"var(--ast-global-color-5)","background-image":"","background-repeat":"repeat","background-position":"center center","background-size":"auto","background-attachment":"scroll","background-type":"","background-media":"","overlay-type":"","overlay-color":"","overlay-opacity":"","overlay-gradient":""},"tablet":{"background-color":"","background-image":"","background-repeat":"repeat","background-position":"center center","background-size":"auto","background-attachment":"scroll","background-type":"","background-media":"","overlay-type":"","overlay-color":"","overlay-opacity":"","overlay-gradient":""},"mobile":{"background-color":"","background-image":"","background-repeat":"repeat","background-position":"center center","background-size":"auto","background-attachment":"scroll","background-type":"","background-media":"","overlay-type":"","overlay-color":"","overlay-opacity":"","overlay-gradient":""}},"ast-content-background-meta":{"desktop":{"background-color":"var(--ast-global-color-4)","background-image":"","background-repeat":"repeat","background-position":"center center","background-size":"auto","background-attachment":"scroll","background-type":"","background-media":"","overlay-type":"","overlay-color":"","overlay-opacity":"","overlay-gradient":""},"tablet":{"background-color":"var(--ast-global-color-4)","background-image":"","background-repeat":"repeat","background-position":"center center","background-size":"auto","background-attachment":"scroll","background-type":"","background-media":"","overlay-type":"","overlay-color":"","overlay-opacity":"","overlay-gradient":""},"mobile":{"background-color":"var(--ast-global-color-4)","background-image":"","background-repeat":"repeat","background-position":"center center","background-size":"auto","background-attachment":"scroll","background-type":"","background-media":"","overlay-type":"","overlay-color":"","overlay-opacity":"","overlay-gradient":""}},"footnotes":""},"class_list":["post-3048","page","type-page","status-publish","hentry"],"_links":{"self":[{"href":"https:\/\/euskalcubing.org\/eu\/wp-json\/wp\/v2\/pages\/3048","targetHints":{"allow":["GET"]}}],"collection":[{"href":"https:\/\/euskalcubing.org\/eu\/wp-json\/wp\/v2\/pages"}],"about":[{"href":"https:\/\/euskalcubing.org\/eu\/wp-json\/wp\/v2\/types\/page"}],"author":[{"embeddable":true,"href":"https:\/\/euskalcubing.org\/eu\/wp-json\/wp\/v2\/users\/1"}],"replies":[{"embeddable":true,"href":"https:\/\/euskalcubing.org\/eu\/wp-json\/wp\/v2\/comments?post=3048"}],"version-history":[{"count":6,"href":"https:\/\/euskalcubing.org\/eu\/wp-json\/wp\/v2\/pages\/3048\/revisions"}],"predecessor-version":[{"id":3346,"href":"https:\/\/euskalcubing.org\/eu\/wp-json\/wp\/v2\/pages\/3048\/revisions\/3346"}],"wp:attachment":[{"href":"https:\/\/euskalcubing.org\/eu\/wp-json\/wp\/v2\/media?parent=3048"}],"curies":[{"name":"wp","href":"https:\/\/api.w.org\/{rel}","templated":true}]}}